{"id":62,"date":"2024-06-20T21:21:45","date_gmt":"2024-06-20T19:21:45","guid":{"rendered":"https:\/\/www.stage.equilibre-k.com\/?page_id=62"},"modified":"2024-06-21T08:13:10","modified_gmt":"2024-06-21T06:13:10","slug":"stage-de-golf","status":"publish","type":"page","link":"https:\/\/www.stage.equilibre-k.com\/?page_id=62","title":{"rendered":"Stage de golf"},"content":{"rendered":"\t\t<div data-elementor-type=\"wp-page\" data-elementor-id=\"62\" class=\"elementor elementor-62\" data-elementor-post-type=\"page\">\n\t\t\t\t<div class=\"elementor-element elementor-element-c77e50a e-flex e-con-boxed e-con e-parent\" data-id=\"c77e50a\" data-element_type=\"container\">\n\t\t\t\t\t<div class=\"e-con-inner\">\n\t\t\t\t<div class=\"elementor-element elementor-element-1da40d2 elementor-widget elementor-widget-text-editor\" data-id=\"1da40d2\" data-element_type=\"widget\" data-widget_type=\"text-editor.default\">\n\t\t\t\t<div class=\"elementor-widget-container\">\n\t\t\t<style>\/*! elementor - v3.22.0 - 17-06-2024 *\/\n.elementor-widget-text-editor.elementor-drop-cap-view-stacked .elementor-drop-cap{background-color:#69727d;color:#fff}.elementor-widget-text-editor.elementor-drop-cap-view-framed .elementor-drop-cap{color:#69727d;border:3px solid;background-color:transparent}.elementor-widget-text-editor:not(.elementor-drop-cap-view-default) .elementor-drop-cap{margin-top:8px}.elementor-widget-text-editor:not(.elementor-drop-cap-view-default) .elementor-drop-cap-letter{width:1em;height:1em}.elementor-widget-text-editor .elementor-drop-cap{float:left;text-align:center;line-height:1;font-size:50px}.elementor-widget-text-editor .elementor-drop-cap-letter{display:inline-block}<\/style>\t\t\t\t<h1 class=\"headline-medium\" data-selector=\"os-theme-text-only-section-headline\" data-settings-content=\"homepage.components[1].properties.headline.content\" data-settings-visibility=\"homepage.components[1].properties.headline.visible\" data-settings-class=\"homepage.components[1].properties.headline.size\" data-settings-class-name=\"headline\" data-editor-section-field=\"\" data-editor-section-id=\"text_only_e2fa8d2b-55d8-4ce0-8cad-88d60acfe4dc_text_only_headline\" data-editor-name=\"headline\" data-editor-selected-component=\"text_only_headline\">STAGE DE GOLF<br \/>TECHNIQUE ET MENTAL<\/h1>\t\t\t\t\t\t<\/div>\n\t\t\t\t<\/div>\n\t\t\t\t\t<\/div>\n\t\t\t\t<\/div>\n\t\t<div class=\"elementor-element elementor-element-44fc2e3 e-flex e-con-boxed e-con e-parent\" data-id=\"44fc2e3\" data-element_type=\"container\">\n\t\t\t\t\t<div class=\"e-con-inner\">\n\t\t\t\t<div class=\"elementor-element elementor-element-565006f elementor-widget elementor-widget-text-editor\" data-id=\"565006f\" data-element_type=\"widget\" data-widget_type=\"text-editor.default\">\n\t\t\t\t<div class=\"elementor-widget-container\">\n\t\t\t\t\t\t\t<h5>Retrouvons nous Bient\u00f4t pour partager notre passion<br \/>avec Darius<\/h5>\t\t\t\t\t\t<\/div>\n\t\t\t\t<\/div>\n\t\t\t\t\t<\/div>\n\t\t\t\t<\/div>\n\t\t<div class=\"elementor-element elementor-element-a8247ea e-flex e-con-boxed e-con e-parent\" data-id=\"a8247ea\" data-element_type=\"container\">\n\t\t\t\t\t<div class=\"e-con-inner\">\n\t\t\t\t<div class=\"elementor-element elementor-element-a9abbfa elementor-align-center e-transform elementor-widget elementor-widget-button\" data-id=\"a9abbfa\" data-element_type=\"widget\" data-settings=\"{&quot;_transform_scale_effect&quot;:{&quot;unit&quot;:&quot;px&quot;,&quot;size&quot;:2,&quot;sizes&quot;:[]},&quot;_transform_scale_effect_tablet&quot;:{&quot;unit&quot;:&quot;px&quot;,&quot;size&quot;:&quot;&quot;,&quot;sizes&quot;:[]},&quot;_transform_scale_effect_mobile&quot;:{&quot;unit&quot;:&quot;px&quot;,&quot;size&quot;:&quot;&quot;,&quot;sizes&quot;:[]}}\" data-widget_type=\"button.default\">\n\t\t\t\t<div class=\"elementor-widget-container\">\n\t\t\t\t\t<div class=\"elementor-button-wrapper\">\n\t\t\t<a class=\"elementor-button elementor-button-link elementor-size-sm\" href=\"https:\/\/www.stage.equilibre-k.com\/?page_id=136\">\n\t\t\t\t\t\t<span class=\"elementor-button-content-wrapper\">\n\t\t\t\t\t\t\t\t\t<span class=\"elementor-button-text\">Je m'inscris<\/span>\n\t\t\t\t\t<\/span>\n\t\t\t\t\t<\/a>\n\t\t<\/div>\n\t\t\t\t<\/div>\n\t\t\t\t<\/div>\n\t\t\t\t\t<\/div>\n\t\t\t\t<\/div>\n\t\t<div class=\"elementor-element elementor-element-466f51b e-flex e-con-boxed e-con e-parent\" data-id=\"466f51b\" data-element_type=\"container\">\n\t\t\t\t\t<div class=\"e-con-inner\">\n\t\t<div class=\"elementor-element elementor-element-d80aa15 e-con-full e-flex e-con e-child\" data-id=\"d80aa15\" data-element_type=\"container\">\n\t\t\t\t<div class=\"elementor-element elementor-element-6e4594a elementor-widget elementor-widget-text-editor\" data-id=\"6e4594a\" data-element_type=\"widget\" data-widget_type=\"text-editor.default\">\n\t\t\t\t<div class=\"elementor-widget-container\">\n\t\t\t\t\t\t\t<h4>JOUR 1<\/h4>\t\t\t\t\t\t<\/div>\n\t\t\t\t<\/div>\n\t\t\t\t<div class=\"elementor-element elementor-element-5b5051d elementor-widget elementor-widget-text-editor\" data-id=\"5b5051d\" data-element_type=\"widget\" data-widget_type=\"text-editor.default\">\n\t\t\t\t<div class=\"elementor-widget-container\">\n\t\t\t\t\t\t\t<p>8h00 &#8211; Petit d\u00e9jeuner au club house pour bien commencer la journ\u00e9e<\/p><p>9h00 &#8211; Pr\u00e9sentation du stage dans la salle des pros<\/p><p>9h30 &#8211; D\u00e9couverte de la pr\u00e9paration mentale et son objectif<\/p><p>11h00 &#8211; Practice avec un pro : l\u2019int\u00e9r\u00eat et le travail au practice<\/p><p>\u00a0 \u00a0 \u00a0 \u00a0 \u00a0 \u00a0 \u00a0&#8211; Practice : Le jeu dans le jeu<\/p><p>12h30 &#8211; Pause repas (repas non compris)<\/p><p>14h00<\/p><p>&#8211; S\u00e9ance de d\u00e9tente et initiation \u00e0 la sophro-mentale<\/p><p>16h00 &#8211; Petit jeu zen avec un pro<\/p><p>17h30 &#8211; Espace d\u2019\u00e9change<\/p>\t\t\t\t\t\t<\/div>\n\t\t\t\t<\/div>\n\t\t\t\t<\/div>\n\t\t<div class=\"elementor-element elementor-element-6f4c69e e-con-full e-flex e-con e-child\" data-id=\"6f4c69e\" data-element_type=\"container\">\n\t\t\t\t<div class=\"elementor-element elementor-element-ea4fffe elementor-widget elementor-widget-image\" data-id=\"ea4fffe\" data-element_type=\"widget\" data-widget_type=\"image.default\">\n\t\t\t\t<div class=\"elementor-widget-container\">\n\t\t\t<style>\/*! elementor - v3.22.0 - 17-06-2024 *\/\n.elementor-widget-image{text-align:center}.elementor-widget-image a{display:inline-block}.elementor-widget-image a img[src$=\".svg\"]{width:48px}.elementor-widget-image img{vertical-align:middle;display:inline-block}<\/style>\t\t\t\t\t\t\t\t\t\t<img fetchpriority=\"high\" decoding=\"async\" width=\"800\" height=\"586\" src=\"https:\/\/www.stage.equilibre-k.com\/wp-content\/uploads\/2024\/06\/250cbbe7-5c5c-4e64-b320-37f95d64a80c.jpeg\" class=\"attachment-large size-large wp-image-99\" alt=\"\" srcset=\"https:\/\/www.stage.equilibre-k.com\/wp-content\/uploads\/2024\/06\/250cbbe7-5c5c-4e64-b320-37f95d64a80c.jpeg 1024w, https:\/\/www.stage.equilibre-k.com\/wp-content\/uploads\/2024\/06\/250cbbe7-5c5c-4e64-b320-37f95d64a80c-300x220.jpeg 300w, https:\/\/www.stage.equilibre-k.com\/wp-content\/uploads\/2024\/06\/250cbbe7-5c5c-4e64-b320-37f95d64a80c-768x563.jpeg 768w\" sizes=\"(max-width: 800px) 100vw, 800px\" \/>\t\t\t\t\t\t\t\t\t\t\t\t\t<\/div>\n\t\t\t\t<\/div>\n\t\t\t\t<\/div>\n\t\t\t\t\t<\/div>\n\t\t\t\t<\/div>\n\t\t<div class=\"elementor-element elementor-element-8e0bba4 e-flex e-con-boxed e-con e-parent\" data-id=\"8e0bba4\" data-element_type=\"container\">\n\t\t\t\t\t<div class=\"e-con-inner\">\n\t\t<div class=\"elementor-element elementor-element-af27586 e-con-full e-flex e-con e-child\" data-id=\"af27586\" data-element_type=\"container\">\n\t\t\t\t<div class=\"elementor-element elementor-element-2b298b6 elementor-widget elementor-widget-image\" data-id=\"2b298b6\" data-element_type=\"widget\" data-widget_type=\"image.default\">\n\t\t\t\t<div class=\"elementor-widget-container\">\n\t\t\t\t\t\t\t\t\t\t\t\t\t<img decoding=\"async\" width=\"670\" height=\"400\" src=\"https:\/\/www.stage.equilibre-k.com\/wp-content\/uploads\/2024\/06\/5715ce3d-c68c-4abc-806e-95e39c885b21.jpeg\" class=\"attachment-large size-large wp-image-101\" alt=\"\" srcset=\"https:\/\/www.stage.equilibre-k.com\/wp-content\/uploads\/2024\/06\/5715ce3d-c68c-4abc-806e-95e39c885b21.jpeg 670w, https:\/\/www.stage.equilibre-k.com\/wp-content\/uploads\/2024\/06\/5715ce3d-c68c-4abc-806e-95e39c885b21-300x179.jpeg 300w\" sizes=\"(max-width: 670px) 100vw, 670px\" \/>\t\t\t\t\t\t\t\t\t\t\t\t\t<\/div>\n\t\t\t\t<\/div>\n\t\t\t\t<\/div>\n\t\t<div class=\"elementor-element elementor-element-9534cd6 e-con-full e-flex e-con e-child\" data-id=\"9534cd6\" data-element_type=\"container\">\n\t\t\t\t<div class=\"elementor-element elementor-element-90ae077 elementor-widget elementor-widget-text-editor\" data-id=\"90ae077\" data-element_type=\"widget\" data-widget_type=\"text-editor.default\">\n\t\t\t\t<div class=\"elementor-widget-container\">\n\t\t\t\t\t\t\t<h5>JOUR 2<\/h5>\t\t\t\t\t\t<\/div>\n\t\t\t\t<\/div>\n\t\t\t\t<div class=\"elementor-element elementor-element-366a2d7 elementor-widget elementor-widget-text-editor\" data-id=\"366a2d7\" data-element_type=\"widget\" data-widget_type=\"text-editor.default\">\n\t\t\t\t<div class=\"elementor-widget-container\">\n\t\t\t\t\t\t\t<p>8h00 &#8211; Petit d\u00e9jeuner au club house pour bien commencer la journ\u00e9e<\/p><p>9h00 &#8211; Concentration et visualisation<\/p><p>9h30 &#8211; Routine : son importance et sa construction<\/p><p>10h30 &#8211; Imaginer un coup de golf avec un pro au practice<\/p><p>12h30 &#8211; Pause repas (repas non compris)<\/p><p>14h30 &#8211; Parcours 9 trous pour mettre en pratique la concentration,<\/p><p>la visualisation etc.<\/p><p>17h30 &#8211; D\u00e9briefing et \u00e9change de ressentis.<\/p><p>Analyse et focalisation sur les points \u00e0 travailler pour chacun<\/p>\t\t\t\t\t\t<\/div>\n\t\t\t\t<\/div>\n\t\t\t\t<\/div>\n\t\t\t\t\t<\/div>\n\t\t\t\t<\/div>\n\t\t<div class=\"elementor-element elementor-element-bc52050 e-flex e-con-boxed e-con e-parent\" data-id=\"bc52050\" data-element_type=\"container\">\n\t\t\t\t\t<div class=\"e-con-inner\">\n\t\t\t\t<div class=\"elementor-element elementor-element-2e8b385 elementor-widget elementor-widget-heading\" data-id=\"2e8b385\" data-element_type=\"widget\" data-widget_type=\"heading.default\">\n\t\t\t\t<div class=\"elementor-widget-container\">\n\t\t\t<style>\/*! elementor - v3.22.0 - 17-06-2024 *\/\n.elementor-heading-title{padding:0;margin:0;line-height:1}.elementor-widget-heading .elementor-heading-title[class*=elementor-size-]>a{color:inherit;font-size:inherit;line-height:inherit}.elementor-widget-heading .elementor-heading-title.elementor-size-small{font-size:15px}.elementor-widget-heading .elementor-heading-title.elementor-size-medium{font-size:19px}.elementor-widget-heading .elementor-heading-title.elementor-size-large{font-size:29px}.elementor-widget-heading .elementor-heading-title.elementor-size-xl{font-size:39px}.elementor-widget-heading .elementor-heading-title.elementor-size-xxl{font-size:59px}<\/style><h1 class=\"elementor-heading-title elementor-size-default\">499\u20ac<\/h1>\t\t<\/div>\n\t\t\t\t<\/div>\n\t\t\t\t<div class=\"elementor-element elementor-element-7bdde2d elementor-widget elementor-widget-image\" data-id=\"7bdde2d\" data-element_type=\"widget\" data-widget_type=\"image.default\">\n\t\t\t\t<div class=\"elementor-widget-container\">\n\t\t\t\t\t\t\t\t\t\t\t\t\t<img decoding=\"async\" width=\"800\" height=\"354\" src=\"https:\/\/www.stage.equilibre-k.com\/wp-content\/uploads\/2024\/06\/Vilamoura-Old-GC-01lsm.jpg\" class=\"attachment-large size-large wp-image-110\" alt=\"\" srcset=\"https:\/\/www.stage.equilibre-k.com\/wp-content\/uploads\/2024\/06\/Vilamoura-Old-GC-01lsm.jpg 1000w, https:\/\/www.stage.equilibre-k.com\/wp-content\/uploads\/2024\/06\/Vilamoura-Old-GC-01lsm-300x133.jpg 300w, https:\/\/www.stage.equilibre-k.com\/wp-content\/uploads\/2024\/06\/Vilamoura-Old-GC-01lsm-768x340.jpg 768w\" sizes=\"(max-width: 800px) 100vw, 800px\" \/>\t\t\t\t\t\t\t\t\t\t\t\t\t<\/div>\n\t\t\t\t<\/div>\n\t\t\t\t\t<\/div>\n\t\t\t\t<\/div>\n\t\t<div class=\"elementor-element elementor-element-a183794 e-flex e-con-boxed e-con e-parent\" data-id=\"a183794\" data-element_type=\"container\">\n\t\t\t\t\t<div class=\"e-con-inner\">\n\t\t\t\t<div class=\"elementor-element elementor-element-56d39b8 elementor-widget elementor-widget-text-editor\" data-id=\"56d39b8\" data-element_type=\"widget\" data-widget_type=\"text-editor.default\">\n\t\t\t\t<div class=\"elementor-widget-container\">\n\t\t\t\t\t\t\t<h1 class=\"headline-small\" data-selector=\"os-theme-text-only-section-headline\" data-settings-content=\"homepage.components[5].properties.headline.content\" data-settings-visibility=\"homepage.components[5].properties.headline.visible\" data-settings-class=\"homepage.components[5].properties.headline.size\" data-settings-class-name=\"headline\" data-editor-section-field=\"\" data-editor-section-id=\"text_only_00d30474-f340-464d-8d28-38dcba9bd548_text_only_headline\" data-editor-name=\"headline\" data-editor-selected-component=\"text_only_headline\">PLACES LIMIT\u00c9ES \u00c0 DIX PARTICIPANTS<br \/>INSCRIVEZ-VOUS VITE<\/h1>\t\t\t\t\t\t<\/div>\n\t\t\t\t<\/div>\n\t\t\t\t\t<\/div>\n\t\t\t\t<\/div>\n\t\t<div class=\"elementor-element elementor-element-e9e2aa3 e-flex e-con-boxed e-con e-parent\" data-id=\"e9e2aa3\" data-element_type=\"container\">\n\t\t\t\t\t<div class=\"e-con-inner\">\n\t\t\t\t<div class=\"elementor-element elementor-element-3a424b0 elementor-widget elementor-widget-text-editor\" data-id=\"3a424b0\" data-element_type=\"widget\" data-widget_type=\"text-editor.default\">\n\t\t\t\t<div class=\"elementor-widget-container\">\n\t\t\t\t\t\t\t<h5>\u00e0 moins de 6 participants ce stage sera annul\u00e9 et vous serez rembours\u00e9 int\u00e9gralement,<br \/>en cas d&rsquo;annulation de votre part, il y aura un remboursement moins les frais engag\u00e9s par les organisateurs<\/h5>\t\t\t\t\t\t<\/div>\n\t\t\t\t<\/div>\n\t\t\t\t\t<\/div>\n\t\t\t\t<\/div>\n\t\t<div class=\"elementor-element elementor-element-4309254 e-flex e-con-boxed e-con e-parent\" data-id=\"4309254\" data-element_type=\"container\">\n\t\t\t\t\t<div class=\"e-con-inner\">\n\t\t\t\t<div class=\"elementor-element elementor-element-e06ffbd elementor-align-center e-transform elementor-widget elementor-widget-button\" data-id=\"e06ffbd\" data-element_type=\"widget\" data-settings=\"{&quot;_transform_scale_effect&quot;:{&quot;unit&quot;:&quot;px&quot;,&quot;size&quot;:2,&quot;sizes&quot;:[]},&quot;_transform_scale_effect_tablet&quot;:{&quot;unit&quot;:&quot;px&quot;,&quot;size&quot;:&quot;&quot;,&quot;sizes&quot;:[]},&quot;_transform_scale_effect_mobile&quot;:{&quot;unit&quot;:&quot;px&quot;,&quot;size&quot;:&quot;&quot;,&quot;sizes&quot;:[]}}\" data-widget_type=\"button.default\">\n\t\t\t\t<div class=\"elementor-widget-container\">\n\t\t\t\t\t<div class=\"elementor-button-wrapper\">\n\t\t\t<a class=\"elementor-button elementor-button-link elementor-size-sm\" href=\"https:\/\/www.stage.equilibre-k.com\/?page_id=136\">\n\t\t\t\t\t\t<span class=\"elementor-button-content-wrapper\">\n\t\t\t\t\t\t\t\t\t<span class=\"elementor-button-text\">Je m'inscris<\/span>\n\t\t\t\t\t<\/span>\n\t\t\t\t\t<\/a>\n\t\t<\/div>\n\t\t\t\t<\/div>\n\t\t\t\t<\/div>\n\t\t\t\t\t<\/div>\n\t\t\t\t<\/div>\n\t\t\t\t<\/div>\n\t\t","protected":false},"excerpt":{"rendered":"<p>STAGE DE GOLFTECHNIQUE ET MENTAL Retrouvons nous Bient\u00f4t pour partager notre passionavec Darius Je m&rsquo;inscris JOUR 1 8h00 &#8211; Petit d\u00e9jeuner au club house pour bien commencer la journ\u00e9e 9h00 &#8211; Pr\u00e9sentation du stage dans la salle des pros 9h30 &#8211; D\u00e9couverte de la pr\u00e9paration mentale et son objectif 11h00 &#8211; Practice avec un pro [&hellip;]<\/p>\n","protected":false},"author":1,"featured_media":0,"parent":0,"menu_order":0,"comment_status":"closed","ping_status":"closed","template":"","meta":{"footnotes":""},"class_list":["post-62","page","type-page","status-publish","hentry"],"_links":{"self":[{"href":"https:\/\/www.stage.equilibre-k.com\/index.php?rest_route=\/wp\/v2\/pages\/62","targetHints":{"allow":["GET"]}}],"collection":[{"href":"https:\/\/www.stage.equilibre-k.com\/index.php?rest_route=\/wp\/v2\/pages"}],"about":[{"href":"https:\/\/www.stage.equilibre-k.com\/index.php?rest_route=\/wp\/v2\/types\/page"}],"author":[{"embeddable":true,"href":"https:\/\/www.stage.equilibre-k.com\/index.php?rest_route=\/wp\/v2\/users\/1"}],"replies":[{"embeddable":true,"href":"https:\/\/www.stage.equilibre-k.com\/index.php?rest_route=%2Fwp%2Fv2%2Fcomments&post=62"}],"version-history":[{"count":61,"href":"https:\/\/www.stage.equilibre-k.com\/index.php?rest_route=\/wp\/v2\/pages\/62\/revisions"}],"predecessor-version":[{"id":251,"href":"https:\/\/www.stage.equilibre-k.com\/index.php?rest_route=\/wp\/v2\/pages\/62\/revisions\/251"}],"wp:attachment":[{"href":"https:\/\/www.stage.equilibre-k.com\/index.php?rest_route=%2Fwp%2Fv2%2Fmedia&parent=62"}],"curies":[{"name":"wp","href":"https:\/\/api.w.org\/{rel}","templated":true}]}}