{"id":10,"date":"2024-06-20T17:38:04","date_gmt":"2024-06-20T15:38:04","guid":{"rendered":"https:\/\/www.stage.equilibre-k.com\/?page_id=10"},"modified":"2024-09-13T21:53:08","modified_gmt":"2024-09-13T19:53:08","slug":"accueil","status":"publish","type":"page","link":"https:\/\/www.stage.equilibre-k.com\/","title":{"rendered":"Accueil"},"content":{"rendered":"\t\t<div data-elementor-type=\"wp-page\" data-elementor-id=\"10\" class=\"elementor elementor-10\" data-elementor-post-type=\"page\">\n\t\t\t\t<div class=\"elementor-element elementor-element-9c4a163 e-flex e-con-boxed e-con e-parent\" data-id=\"9c4a163\" data-element_type=\"container\">\n\t\t\t\t\t<div class=\"e-con-inner\">\n\t\t\t\t<div class=\"elementor-element elementor-element-bb701af elementor-align-center elementor-widget elementor-widget-button\" data-id=\"bb701af\" data-element_type=\"widget\" data-widget_type=\"button.default\">\n\t\t\t\t<div class=\"elementor-widget-container\">\n\t\t\t\t\t<div class=\"elementor-button-wrapper\">\n\t\t\t<a class=\"elementor-button elementor-button-link elementor-size-sm\" href=\"https:\/\/www.stage.equilibre-k.com\/?page_id=62\">\n\t\t\t\t\t\t<span class=\"elementor-button-content-wrapper\">\n\t\t\t\t\t\t\t\t\t<span class=\"elementor-button-text\">D\u00e9couvrir le prochain stage<\/span>\n\t\t\t\t\t<\/span>\n\t\t\t\t\t<\/a>\n\t\t<\/div>\n\t\t\t\t<\/div>\n\t\t\t\t<\/div>\n\t\t\t\t\t<\/div>\n\t\t\t\t<\/div>\n\t\t<div class=\"elementor-element elementor-element-25683ec e-flex e-con-boxed e-con e-parent\" data-id=\"25683ec\" data-element_type=\"container\">\n\t\t\t\t\t<div class=\"e-con-inner\">\n\t\t<div class=\"elementor-element elementor-element-e3c4450 e-con-full e-flex e-con e-child\" data-id=\"e3c4450\" data-element_type=\"container\">\n\t\t\t\t<div class=\"elementor-element elementor-element-a2bff2c elementor-widget elementor-widget-heading\" data-id=\"a2bff2c\" data-element_type=\"widget\" data-widget_type=\"heading.default\">\n\t\t\t\t<div class=\"elementor-widget-container\">\n\t\t\t<style>\/*! elementor - v3.22.0 - 17-06-2024 *\/\n.elementor-heading-title{padding:0;margin:0;line-height:1}.elementor-widget-heading .elementor-heading-title[class*=elementor-size-]>a{color:inherit;font-size:inherit;line-height:inherit}.elementor-widget-heading .elementor-heading-title.elementor-size-small{font-size:15px}.elementor-widget-heading .elementor-heading-title.elementor-size-medium{font-size:19px}.elementor-widget-heading .elementor-heading-title.elementor-size-large{font-size:29px}.elementor-widget-heading .elementor-heading-title.elementor-size-xl{font-size:39px}.elementor-widget-heading .elementor-heading-title.elementor-size-xxl{font-size:59px}<\/style><h2 class=\"elementor-heading-title elementor-size-default\">Darius<\/h2>\t\t<\/div>\n\t\t\t\t<\/div>\n\t\t\t\t<div class=\"elementor-element elementor-element-72181d8 elementor-widget__width-initial elementor-widget elementor-widget-text-editor\" data-id=\"72181d8\" data-element_type=\"widget\" data-widget_type=\"text-editor.default\">\n\t\t\t\t<div class=\"elementor-widget-container\">\n\t\t\t<style>\/*! elementor - v3.22.0 - 17-06-2024 *\/\n.elementor-widget-text-editor.elementor-drop-cap-view-stacked .elementor-drop-cap{background-color:#69727d;color:#fff}.elementor-widget-text-editor.elementor-drop-cap-view-framed .elementor-drop-cap{color:#69727d;border:3px solid;background-color:transparent}.elementor-widget-text-editor:not(.elementor-drop-cap-view-default) .elementor-drop-cap{margin-top:8px}.elementor-widget-text-editor:not(.elementor-drop-cap-view-default) .elementor-drop-cap-letter{width:1em;height:1em}.elementor-widget-text-editor .elementor-drop-cap{float:left;text-align:center;line-height:1;font-size:50px}.elementor-widget-text-editor .elementor-drop-cap-letter{display:inline-block}<\/style>\t\t\t\t<h3>Pr\u00e9sentation<\/h3>\n<p>Je suis neuro-pr\u00e9parateur mental de sportifs depuis 2005 dans plusieurs sports individuels et collectifs tel que le golf, le tennis, l&rsquo;athl\u00e9tisme, le foot, le rugby etc. Au fil des ann\u00e9es, j&rsquo;ai d\u00e9velopp\u00e9 et affin\u00e9 des m\u00e9thodes sp\u00e9cifiques pour aider les athl\u00e8tes \u00e0 atteindre leur plein potentiel gr\u00e2ce \u00e0 une pr\u00e9paration mentale rigoureuse et adapt\u00e9e.<\/p>\n<h3>Mes Outils<\/h3>\n<p>J&rsquo;utilise une vari\u00e9t\u00e9 d&rsquo;outils et de techniques, notamment la gestion des \u00e9motions et l&rsquo;imagerie mentale. Ces m\u00e9thodes permettent aux sportifs de mieux g\u00e9rer le stress et les distractions, de renforcer leur concentration et de visualiser des sc\u00e9narios de r\u00e9ussite. Mon objectif est de cr\u00e9er une strat\u00e9gie personnalis\u00e9e pour chaque athl\u00e8te, en tenant compte de ses capacit\u00e9s et de ses objectifs individuels, afin de le mener \u00e0 son meilleur niveau.<\/p>\t\t\t\t\t\t<\/div>\n\t\t\t\t<\/div>\n\t\t\t\t<div class=\"elementor-element elementor-element-357ee9e elementor-align-center elementor-widget elementor-widget-button\" data-id=\"357ee9e\" data-element_type=\"widget\" data-widget_type=\"button.default\">\n\t\t\t\t<div class=\"elementor-widget-container\">\n\t\t\t\t\t<div class=\"elementor-button-wrapper\">\n\t\t\t<a class=\"elementor-button elementor-button-link elementor-size-sm\" href=\"https:\/\/www.stage.equilibre-k.com\/?page_id=64\">\n\t\t\t\t\t\t<span class=\"elementor-button-content-wrapper\">\n\t\t\t\t\t\t\t\t\t<span class=\"elementor-button-text\">Contactez moi pour un bilan<\/span>\n\t\t\t\t\t<\/span>\n\t\t\t\t\t<\/a>\n\t\t<\/div>\n\t\t\t\t<\/div>\n\t\t\t\t<\/div>\n\t\t\t\t<\/div>\n\t\t\t\t<div class=\"elementor-element elementor-element-9d8ff2e elementor-widget elementor-widget-image\" data-id=\"9d8ff2e\" data-element_type=\"widget\" data-widget_type=\"image.default\">\n\t\t\t\t<div class=\"elementor-widget-container\">\n\t\t\t<style>\/*! elementor - v3.22.0 - 17-06-2024 *\/\n.elementor-widget-image{text-align:center}.elementor-widget-image a{display:inline-block}.elementor-widget-image a img[src$=\".svg\"]{width:48px}.elementor-widget-image img{vertical-align:middle;display:inline-block}<\/style>\t\t\t\t\t\t\t\t\t\t<img fetchpriority=\"high\" decoding=\"async\" width=\"800\" height=\"495\" src=\"https:\/\/www.stage.equilibre-k.com\/wp-content\/uploads\/2024\/06\/Darius-4-1024x634.jpg\" class=\"attachment-large size-large wp-image-55\" alt=\"\" srcset=\"https:\/\/www.stage.equilibre-k.com\/wp-content\/uploads\/2024\/06\/Darius-4-1024x634.jpg 1024w, https:\/\/www.stage.equilibre-k.com\/wp-content\/uploads\/2024\/06\/Darius-4-300x186.jpg 300w, https:\/\/www.stage.equilibre-k.com\/wp-content\/uploads\/2024\/06\/Darius-4-768x475.jpg 768w, https:\/\/www.stage.equilibre-k.com\/wp-content\/uploads\/2024\/06\/Darius-4-1536x951.jpg 1536w, https:\/\/www.stage.equilibre-k.com\/wp-content\/uploads\/2024\/06\/Darius-4-2048x1268.jpg 2048w\" sizes=\"(max-width: 800px) 100vw, 800px\" \/>\t\t\t\t\t\t\t\t\t\t\t\t\t<\/div>\n\t\t\t\t<\/div>\n\t\t\t\t\t<\/div>\n\t\t\t\t<\/div>\n\t\t<div class=\"elementor-element elementor-element-377152b e-flex e-con-boxed e-con e-parent\" data-id=\"377152b\" data-element_type=\"container\" data-settings=\"{&quot;background_background&quot;:&quot;classic&quot;}\">\n\t\t\t\t\t<div class=\"e-con-inner\">\n\t\t\t\t<div class=\"elementor-element elementor-element-12afb1d elementor-widget elementor-widget-text-editor\" data-id=\"12afb1d\" data-element_type=\"widget\" data-widget_type=\"text-editor.default\">\n\t\t\t\t<div class=\"elementor-widget-container\">\n\t\t\t\t\t\t\t<h3>Ma M\u00e9thode<\/h3><p>Mon travail consiste \u00e0 \u00e9laborer un programme d&rsquo;entra\u00eenement mental sur mesure, en collaboration \u00e9troite avec votre coach technique et physique. Je veille \u00e0 ce que chaque aspect de votre pr\u00e9paration soit en harmonie, pour optimiser votre performance sur le terrain.<\/p><h3>Les B\u00e9n\u00e9fices<\/h3><p>En travaillant avec moi, vous d\u00e9couvrirez :<\/p><ul><li><strong>La Joie de la Relaxation :<\/strong> Apprendre \u00e0 se d\u00e9tendre et \u00e0 rester calme sous pression est essentiel pour un golfeur. Je vous enseignerai des techniques de relaxation qui vous permettront d&rsquo;aborder chaque coup avec s\u00e9r\u00e9nit\u00e9.<\/li><li><strong>Le Plaisir du Petit Jeu :<\/strong> Le jeu court est souvent n\u00e9glig\u00e9, mais il est crucial pour am\u00e9liorer vos scores. Je vous aiderai \u00e0 d\u00e9velopper une approche mentale qui vous permettra de mieux g\u00e9rer le petit jeu.<\/li><li><strong>La Fiert\u00e9 du Driving :<\/strong> Gagner en confiance et en puissance sur le tee est un sentiment incomparable. Nous travaillerons ensemble pour que vous puissiez aborder chaque drive avec assurance.<\/li><\/ul>\t\t\t\t\t\t<\/div>\n\t\t\t\t<\/div>\n\t\t\t\t\t<\/div>\n\t\t\t\t<\/div>\n\t\t<div class=\"elementor-element elementor-element-9c17809 e-flex e-con-boxed e-con e-parent\" data-id=\"9c17809\" data-element_type=\"container\">\n\t\t\t\t\t<div class=\"e-con-inner\">\n\t\t<div class=\"elementor-element elementor-element-8a092f3 e-con-full e-flex e-con e-child\" data-id=\"8a092f3\" data-element_type=\"container\">\n\t\t\t\t<div class=\"elementor-element elementor-element-c0f3930 elementor-widget elementor-widget-image\" data-id=\"c0f3930\" data-element_type=\"widget\" data-widget_type=\"image.default\">\n\t\t\t\t<div class=\"elementor-widget-container\">\n\t\t\t\t\t\t\t\t\t\t\t\t\t<img decoding=\"async\" width=\"768\" height=\"680\" src=\"https:\/\/www.stage.equilibre-k.com\/wp-content\/uploads\/2024\/06\/Logo-polo-blanc-768x680.png\" class=\"attachment-medium_large size-medium_large wp-image-82\" alt=\"\" srcset=\"https:\/\/www.stage.equilibre-k.com\/wp-content\/uploads\/2024\/06\/Logo-polo-blanc-768x680.png 768w, https:\/\/www.stage.equilibre-k.com\/wp-content\/uploads\/2024\/06\/Logo-polo-blanc-300x266.png 300w, https:\/\/www.stage.equilibre-k.com\/wp-content\/uploads\/2024\/06\/Logo-polo-blanc-1024x907.png 1024w, https:\/\/www.stage.equilibre-k.com\/wp-content\/uploads\/2024\/06\/Logo-polo-blanc-1536x1360.png 1536w, https:\/\/www.stage.equilibre-k.com\/wp-content\/uploads\/2024\/06\/Logo-polo-blanc.png 1988w\" sizes=\"(max-width: 768px) 100vw, 768px\" \/>\t\t\t\t\t\t\t\t\t\t\t\t\t<\/div>\n\t\t\t\t<\/div>\n\t\t\t\t<\/div>\n\t\t<div class=\"elementor-element elementor-element-69d6aef e-con-full e-flex e-con e-child\" data-id=\"69d6aef\" data-element_type=\"container\">\n\t\t\t\t<div class=\"elementor-element elementor-element-836284b elementor-widget__width-initial elementor-widget elementor-widget-image\" data-id=\"836284b\" data-element_type=\"widget\" data-widget_type=\"image.default\">\n\t\t\t\t<div class=\"elementor-widget-container\">\n\t\t\t\t\t\t\t\t\t\t\t\t\t<img decoding=\"async\" width=\"2000\" height=\"650\" src=\"https:\/\/www.stage.equilibre-k.com\/wp-content\/uploads\/2024\/06\/16301.jpg\" class=\"attachment-2048x2048 size-2048x2048 wp-image-83\" alt=\"\" srcset=\"https:\/\/www.stage.equilibre-k.com\/wp-content\/uploads\/2024\/06\/16301.jpg 2000w, https:\/\/www.stage.equilibre-k.com\/wp-content\/uploads\/2024\/06\/16301-300x98.jpg 300w, https:\/\/www.stage.equilibre-k.com\/wp-content\/uploads\/2024\/06\/16301-1024x333.jpg 1024w, https:\/\/www.stage.equilibre-k.com\/wp-content\/uploads\/2024\/06\/16301-768x250.jpg 768w, https:\/\/www.stage.equilibre-k.com\/wp-content\/uploads\/2024\/06\/16301-1536x499.jpg 1536w\" sizes=\"(max-width: 2000px) 100vw, 2000px\" \/>\t\t\t\t\t\t\t\t\t\t\t\t\t<\/div>\n\t\t\t\t<\/div>\n\t\t\t\t<\/div>\n\t\t\t\t\t<\/div>\n\t\t\t\t<\/div>\n\t\t<div class=\"elementor-element elementor-element-bc4d8c5 e-flex e-con-boxed e-con e-parent\" data-id=\"bc4d8c5\" data-element_type=\"container\">\n\t\t\t\t\t<div class=\"e-con-inner\">\n\t\t\t\t<div class=\"elementor-element elementor-element-dbc51c4 elementor-widget elementor-widget-text-editor\" data-id=\"dbc51c4\" data-element_type=\"widget\" data-widget_type=\"text-editor.default\">\n\t\t\t\t<div class=\"elementor-widget-container\">\n\t\t\t\t\t\t\t<h3>Invitation<\/h3><p>Je vous invite \u00e0 participer \u00e0 mes stages pour d\u00e9couvrir une nouvelle fa\u00e7on de penser le golf et de progresser. Ces stages sont con\u00e7us pour vous offrir une perspective diff\u00e9rente et des outils pratiques que vous pourrez appliquer imm\u00e9diatement \u00e0 votre jeu. Rejoignez-moi pour transformer votre approche mentale et atteindre de nouveaux sommets dans votre performance.<\/p>\t\t\t\t\t\t<\/div>\n\t\t\t\t<\/div>\n\t\t\t\t\t<\/div>\n\t\t\t\t<\/div>\n\t\t<div class=\"elementor-element elementor-element-db48d5f e-flex e-con-boxed e-con e-parent\" data-id=\"db48d5f\" data-element_type=\"container\">\n\t\t\t\t\t<div class=\"e-con-inner\">\n\t\t\t\t<div class=\"elementor-element elementor-element-d893518 elementor-align-center elementor-widget elementor-widget-button\" data-id=\"d893518\" data-element_type=\"widget\" data-widget_type=\"button.default\">\n\t\t\t\t<div class=\"elementor-widget-container\">\n\t\t\t\t\t<div class=\"elementor-button-wrapper\">\n\t\t\t<a class=\"elementor-button elementor-button-link elementor-size-sm\" href=\"https:\/\/www.stage.equilibre-k.com\/?page_id=62\">\n\t\t\t\t\t\t<span class=\"elementor-button-content-wrapper\">\n\t\t\t\t\t\t\t\t\t<span class=\"elementor-button-text\">D\u00e9couvrir le prochain stage<\/span>\n\t\t\t\t\t<\/span>\n\t\t\t\t\t<\/a>\n\t\t<\/div>\n\t\t\t\t<\/div>\n\t\t\t\t<\/div>\n\t\t\t\t\t<\/div>\n\t\t\t\t<\/div>\n\t\t\t\t<\/div>\n\t\t","protected":false},"excerpt":{"rendered":"<p>D\u00e9couvrir le prochain stage Darius Pr\u00e9sentation Je suis neuro-pr\u00e9parateur mental de sportifs depuis 2005 dans plusieurs sports individuels et collectifs tel que le golf, le tennis, l&rsquo;athl\u00e9tisme, le foot, le rugby etc. Au fil des ann\u00e9es, j&rsquo;ai d\u00e9velopp\u00e9 et affin\u00e9 des m\u00e9thodes sp\u00e9cifiques pour aider les athl\u00e8tes \u00e0 atteindre leur plein potentiel gr\u00e2ce \u00e0 une [&hellip;]<\/p>\n","protected":false},"author":1,"featured_media":0,"parent":0,"menu_order":0,"comment_status":"closed","ping_status":"closed","template":"","meta":{"footnotes":""},"class_list":["post-10","page","type-page","status-publish","hentry"],"_links":{"self":[{"href":"https:\/\/www.stage.equilibre-k.com\/index.php?rest_route=\/wp\/v2\/pages\/10","targetHints":{"allow":["GET"]}}],"collection":[{"href":"https:\/\/www.stage.equilibre-k.com\/index.php?rest_route=\/wp\/v2\/pages"}],"about":[{"href":"https:\/\/www.stage.equilibre-k.com\/index.php?rest_route=\/wp\/v2\/types\/page"}],"author":[{"embeddable":true,"href":"https:\/\/www.stage.equilibre-k.com\/index.php?rest_route=\/wp\/v2\/users\/1"}],"replies":[{"embeddable":true,"href":"https:\/\/www.stage.equilibre-k.com\/index.php?rest_route=%2Fwp%2Fv2%2Fcomments&post=10"}],"version-history":[{"count":59,"href":"https:\/\/www.stage.equilibre-k.com\/index.php?rest_route=\/wp\/v2\/pages\/10\/revisions"}],"predecessor-version":[{"id":262,"href":"https:\/\/www.stage.equilibre-k.com\/index.php?rest_route=\/wp\/v2\/pages\/10\/revisions\/262"}],"wp:attachment":[{"href":"https:\/\/www.stage.equilibre-k.com\/index.php?rest_route=%2Fwp%2Fv2%2Fmedia&parent=10"}],"curies":[{"name":"wp","href":"https:\/\/api.w.org\/{rel}","templated":true}]}}